{"id":24,"date":"2016-11-26T19:34:27","date_gmt":"2016-11-26T18:34:27","guid":{"rendered":"http:\/\/www.lolacie.fr\/wordpress\/?page_id=24"},"modified":"2024-03-26T17:48:36","modified_gmt":"2024-03-26T16:48:36","slug":"les-projets","status":"publish","type":"page","link":"http:\/\/www.lolacie.fr\/wordpress\/index.php\/les-projets\/","title":{"rendered":"Les projets"},"content":{"rendered":"<p><em><strong>ACTIVIT\u00c9S Famille gr\u00e2ce \u00e0 nos partenaires <br \/><\/strong><\/em><\/p>\n<p>En collaboration avec la <strong>piscine de Malbentre<\/strong> \u00e0 Pujols, un samedi par mois une s\u00e9ance d&rsquo;activit\u00e9s aquatiques est organis\u00e9e.<\/p>\n<p><img loading=\"lazy\" class=\"alignnone  wp-image-1015\" src=\"http:\/\/www.lolacie.fr\/wordpress\/wp-content\/uploads\/2022\/07\/image8-300x225.jpeg\" alt=\"\" width=\"201\" height=\"151\" srcset=\"http:\/\/www.lolacie.fr\/wordpress\/wp-content\/uploads\/2022\/07\/image8-300x225.jpeg 300w, http:\/\/www.lolacie.fr\/wordpress\/wp-content\/uploads\/2022\/07\/image8.jpeg 640w\" sizes=\"(max-width: 201px) 100vw, 201px\" \/><\/p>\n<p>En collaboration avec <strong>Lucie Fayolles, musicoth\u00e9rapeute<\/strong>, un samedi par mois au centre culturel de Villeneuve sur lot une s\u00e9ance de musicoth\u00e9rapie est proos\u00e9e aux jeunes de l&rsquo;association pendant que les parents papotent.<\/p>\n<p><img loading=\"lazy\" class=\"alignnone  wp-image-1208\" src=\"http:\/\/www.lolacie.fr\/wordpress\/wp-content\/uploads\/2024\/02\/20240113_112050-300x225.jpg\" alt=\"\" width=\"199\" height=\"149\" srcset=\"http:\/\/www.lolacie.fr\/wordpress\/wp-content\/uploads\/2024\/02\/20240113_112050-300x225.jpg 300w, http:\/\/www.lolacie.fr\/wordpress\/wp-content\/uploads\/2024\/02\/20240113_112050-1024x768.jpg 1024w, http:\/\/www.lolacie.fr\/wordpress\/wp-content\/uploads\/2024\/02\/20240113_112050-768x576.jpg 768w, http:\/\/www.lolacie.fr\/wordpress\/wp-content\/uploads\/2024\/02\/20240113_112050-1536x1152.jpg 1536w, http:\/\/www.lolacie.fr\/wordpress\/wp-content\/uploads\/2024\/02\/20240113_112050-2048x1536.jpg 2048w\" sizes=\"(max-width: 199px) 100vw, 199px\" \/><\/p>\n<p>En collaboration avec<strong> l&rsquo;association Tomenfantphare<\/strong>, nous organisons des caf\u00e9 des parents sur le Grand Villeneuvois pendant que les jeunes sont accompagn\u00e9es par les \u00e9quipes de cette association.<\/p>\n<p><img loading=\"lazy\" class=\"alignnone  wp-image-1218\" src=\"http:\/\/www.lolacie.fr\/wordpress\/wp-content\/uploads\/2024\/03\/cafe-parents-9-decembre-300x300.jpeg\" alt=\"\" width=\"162\" height=\"162\" srcset=\"http:\/\/www.lolacie.fr\/wordpress\/wp-content\/uploads\/2024\/03\/cafe-parents-9-decembre-300x300.jpeg 300w, http:\/\/www.lolacie.fr\/wordpress\/wp-content\/uploads\/2024\/03\/cafe-parents-9-decembre-1024x1024.jpeg 1024w, http:\/\/www.lolacie.fr\/wordpress\/wp-content\/uploads\/2024\/03\/cafe-parents-9-decembre-150x150.jpeg 150w, http:\/\/www.lolacie.fr\/wordpress\/wp-content\/uploads\/2024\/03\/cafe-parents-9-decembre-768x768.jpeg 768w, http:\/\/www.lolacie.fr\/wordpress\/wp-content\/uploads\/2024\/03\/cafe-parents-9-decembre.jpeg 1080w\" sizes=\"(max-width: 162px) 100vw, 162px\" \/><\/p>\n<p><em><strong>AIDE MAT\u00c9RIEL<\/strong><\/em><\/p>\n<p>Un des objectifs de l&rsquo;association est d&rsquo;aider les familles pour financer des \u00e9quipements, r\u00e9\u00e9ducations \u00e0 l&rsquo;\u00e9tranger,&#8230;.<\/p>\n\n\n<p><\/p>\n","protected":false},"excerpt":{"rendered":"<p>ACTIVIT\u00c9S Famille gr\u00e2ce \u00e0 nos partenaires En collaboration avec la piscine de Malbentre \u00e0 Pujols, un samedi par mois une s\u00e9ance d&rsquo;activit\u00e9s aquatiques est organis\u00e9e. En collaboration avec Lucie Fayolles, musicoth\u00e9rapeute, un samedi par mois au centre culturel de Villeneuve <a class=\"more-link\" href=\"http:\/\/www.lolacie.fr\/wordpress\/index.php\/les-projets\/\">Lire plus &#8230;<\/a><\/p>\n","protected":false},"author":1,"featured_media":0,"parent":0,"menu_order":2,"comment_status":"closed","ping_status":"closed","template":"","meta":[],"_links":{"self":[{"href":"http:\/\/www.lolacie.fr\/wordpress\/index.php\/wp-json\/wp\/v2\/pages\/24"}],"collection":[{"href":"http:\/\/www.lolacie.fr\/wordpress\/index.php\/wp-json\/wp\/v2\/pages"}],"about":[{"href":"http:\/\/www.lolacie.fr\/wordpress\/index.php\/wp-json\/wp\/v2\/types\/page"}],"author":[{"embeddable":true,"href":"http:\/\/www.lolacie.fr\/wordpress\/index.php\/wp-json\/wp\/v2\/users\/1"}],"replies":[{"embeddable":true,"href":"http:\/\/www.lolacie.fr\/wordpress\/index.php\/wp-json\/wp\/v2\/comments?post=24"}],"version-history":[{"count":11,"href":"http:\/\/www.lolacie.fr\/wordpress\/index.php\/wp-json\/wp\/v2\/pages\/24\/revisions"}],"predecessor-version":[{"id":1219,"href":"http:\/\/www.lolacie.fr\/wordpress\/index.php\/wp-json\/wp\/v2\/pages\/24\/revisions\/1219"}],"wp:attachment":[{"href":"http:\/\/www.lolacie.fr\/wordpress\/index.php\/wp-json\/wp\/v2\/media?parent=24"}],"curies":[{"name":"wp","href":"https:\/\/api.w.org\/{rel}","templated":true}]}}