{"id":27,"date":"2016-11-26T19:36:03","date_gmt":"2016-11-26T18:36:03","guid":{"rendered":"http:\/\/www.lolacie.fr\/wordpress\/?page_id=27"},"modified":"2024-03-26T17:51:06","modified_gmt":"2024-03-26T16:51:06","slug":"des-idees-de-sorties-lieux-accessibles","status":"publish","type":"page","link":"http:\/\/www.lolacie.fr\/wordpress\/index.php\/des-idees-de-sorties-lieux-accessibles\/","title":{"rendered":"Des id\u00e9es de sorties \u2013 lieux accessibles"},"content":{"rendered":"<div class=\"entry-content\">\n<p><strong>Villeneuve sur lot<\/strong><\/p>\n<p>Centre culturel &amp; biblioth\u00e8que (un seul ascenseur pas simple \u00e0 man\u0153uvrer avec un fauteuil)<\/p>\n<p>Piscine Malbentre (accessible avec un vestiaire agrandi \u00e9quip\u00e9 d&rsquo;une table \u00e0 langer)<\/p>\n<p>La cabane (rampe amovible pour rentrer)<\/p>\n<p>Guyajeux (boutique)<\/p>\n<p>Salon de th\u00e9 Anad\u00e9lis<\/p>\n<p>Le mus\u00e9e de Gajac<\/p>\n<p>Parc de l&rsquo;\u00e9galit\u00e9 (un agr\u00e8s accessible)<\/p>\n<p>Voie verte<\/p>\n<p>Jardins Partag\u00e9s (association Horizon Vert)<\/p>\n<p><strong>Pujols<\/strong><\/p>\n<p>Maison du jouet rustique (toilettes pas accessibles)<\/p>\n<p>Parc de jeux derri\u00e8re la piscine (balan\u00e7oire nid d&rsquo;oiseau)<\/p>\n<p>Biblioth\u00e8que<\/p>\n<p>Eglise Ste Foy salle exposition<\/p>\n<p><strong>St Sylvestre sur lot<\/strong><\/p>\n<p>Le Stelsia<\/p>\n<p><strong>Agen<\/strong><\/p>\n<p>Parc Passeligne<\/p>\n<p><strong>Castillonn\u00e8s<\/strong><\/p>\n<p>Mus\u00e9e du chocolat Rody<\/p>\n<\/div>\n","protected":false},"excerpt":{"rendered":"<p>Villeneuve sur lot Centre culturel &amp; biblioth\u00e8que (un seul ascenseur pas simple \u00e0 man\u0153uvrer avec un fauteuil) Piscine Malbentre (accessible avec un vestiaire agrandi \u00e9quip\u00e9 d&rsquo;une table \u00e0 langer) La cabane (rampe amovible pour rentrer) Guyajeux (boutique) Salon de th\u00e9 <a class=\"more-link\" href=\"http:\/\/www.lolacie.fr\/wordpress\/index.php\/des-idees-de-sorties-lieux-accessibles\/\">Lire plus &#8230;<\/a><\/p>\n","protected":false},"author":1,"featured_media":0,"parent":0,"menu_order":3,"comment_status":"closed","ping_status":"closed","template":"","meta":[],"_links":{"self":[{"href":"http:\/\/www.lolacie.fr\/wordpress\/index.php\/wp-json\/wp\/v2\/pages\/27"}],"collection":[{"href":"http:\/\/www.lolacie.fr\/wordpress\/index.php\/wp-json\/wp\/v2\/pages"}],"about":[{"href":"http:\/\/www.lolacie.fr\/wordpress\/index.php\/wp-json\/wp\/v2\/types\/page"}],"author":[{"embeddable":true,"href":"http:\/\/www.lolacie.fr\/wordpress\/index.php\/wp-json\/wp\/v2\/users\/1"}],"replies":[{"embeddable":true,"href":"http:\/\/www.lolacie.fr\/wordpress\/index.php\/wp-json\/wp\/v2\/comments?post=27"}],"version-history":[{"count":6,"href":"http:\/\/www.lolacie.fr\/wordpress\/index.php\/wp-json\/wp\/v2\/pages\/27\/revisions"}],"predecessor-version":[{"id":1221,"href":"http:\/\/www.lolacie.fr\/wordpress\/index.php\/wp-json\/wp\/v2\/pages\/27\/revisions\/1221"}],"wp:attachment":[{"href":"http:\/\/www.lolacie.fr\/wordpress\/index.php\/wp-json\/wp\/v2\/media?parent=27"}],"curies":[{"name":"wp","href":"https:\/\/api.w.org\/{rel}","templated":true}]}}