{"id":30,"date":"2016-11-26T19:39:15","date_gmt":"2016-11-26T18:39:15","guid":{"rendered":"http:\/\/www.lolacie.fr\/wordpress\/?page_id=30"},"modified":"2023-02-20T10:46:40","modified_gmt":"2023-02-20T09:46:40","slug":"liens-utiles","status":"publish","type":"page","link":"http:\/\/www.lolacie.fr\/wordpress\/index.php\/liens-utiles\/","title":{"rendered":"Liens utiles"},"content":{"rendered":"<div class=\"entry-content\">\n<p><strong>Les Associations nationales en lien avec nous :<\/strong><\/p>\n<p>Association amie sur la paralysie c\u00e9r\u00e9brale :\u00a0 <a href=\"http:\/\/www.envoludia.org\/\" target=\"_blank\" rel=\"noopener\">http:\/\/www.envoludia.org\/<\/a><\/p>\n<p>Pour tout savoir sur la paralysie c\u00e9r\u00e9brale : <a href=\"https:\/\/www.fondationparalysiecerebrale.org\/\">http:\/\/www.lafondationparalysiecerebrale.org<\/a><\/p>\n<p><strong>Les Associations <\/strong><strong>en lien avec nous <\/strong><strong>du d\u00e9partement<br \/>\n<\/strong><\/p>\n<p>Association Faire r\u00eaver les enfants malades : <a href=\"https:\/\/www.facebook.com\/assofrem\">https:\/\/www.facebook.com\/assofrem<\/a><\/p>\n<p>Association Madjou et compagnie <a href=\"https:\/\/www.facebook.com\/madjouetcompagnie\/\">https:\/\/www.facebook.com\/madjouetcompagnie\/<\/a><\/p>\n<p>Association sur Agen pour les familles : <a href=\"http:\/\/www.tomenfantphare.fr\/\" target=\"_blank\" rel=\"noopener\"><cite class=\"_Rm\">www.<b>tomenfantphare<\/b>.fr<\/cite><\/a><\/p>\n<p>Association des bouchons d\u2019amour : <a href=\"http:\/\/www.ba47.fr\/\" target=\"_blank\" rel=\"noopener\">www.ba47.fr\/<\/a><\/p>\n<p>Association France handicap (APF) <a href=\"https:\/\/www.apf-francehandicap.org\/\">https:\/\/www.apf-francehandicap.org\/<\/a><\/p>\n<p><strong>Lectures &amp; jouets adapt\u00e9s :<\/strong><\/p>\n<p>Site o\u00f9 sont r\u00e9f\u00e9renc\u00e9s les livres accessibles \u00e0 tous en fonction de l\u2019 handicap et des difficult\u00e9s : <a href=\"http:\/\/livres-acces.fr\/\" target=\"_blank\" rel=\"noopener\">https:\/\/e-j-a.fr\/<\/a><\/p>\n<p>Site de jeux et jouets sp\u00e9cialis\u00e9s : <a href=\"http:\/\/www.hoptoys.fr\/\" target=\"_blank\" rel=\"noopener\">http:\/\/www.hoptoys.fr\/<\/a><\/p>\n<p><a href=\"https:\/\/www.wesco.fr\/familles.html\">https:\/\/www.wesco.fr\/familles.html<\/a><\/p>\n<p>Site de jouet avec une rubrique handicap : <a href=\"http:\/\/www.oxybul.com\/tout-savoir-sur-jeux-et-handicap\" target=\"_blank\" rel=\"noopener\">http:\/\/www.oxybul.com\/tout-savoir-sur-jeux-et-handicap<\/a><\/p>\n<p><strong>Id\u00e9es &amp; astuces<\/strong><\/p>\n<p><a href=\"http:\/\/www.papas-bricoleurs-mamans-astucieuses.fr\/\" target=\"_blank\" rel=\"noopener\">http:\/\/www.papas-bricoleurs-mamans-astucieuses.fr\/<\/a><\/p>\n<p><a href=\"http:\/\/www.handiplage.fr\/\">http:\/\/www.handiplage.fr\/<\/a><\/p>\n<p><a href=\"http:\/\/handideesloisirs.unblog.fr\/\" target=\"_blank\" rel=\"noopener\">http:\/\/handideesloisirs.unblog.fr\/<\/a><\/p>\n<p><strong>Sites d\u2019info<\/strong><\/p>\n<p>Magazine pour les familles qui sont touch\u00e9s par le handicap : <a href=\"http:\/\/www.magazine-declic.com\/\" target=\"_blank\" rel=\"noopener\">https:\/\/hizy.org\/fr\/<\/a><\/p>\n<p>Site d\u2019actualit\u00e9s sur les domaines de l\u2019 handicap : <a href=\"https:\/\/www.handicap.fr\/\" target=\"_blank\" rel=\"noopener\">https:\/\/www.handicap.fr\/<\/a><\/p>\n<p>Radio de l\u2019 handicap \u00e0 \u00e9couter en ligne : <a href=\"http:\/\/www.vivrefm.com\/\" target=\"_blank\" rel=\"noopener\">http:\/\/www.vivrefm.com\/<\/a><\/p>\n<p><a href=\"_wp_link_placeholder\" data-wplink-edit=\"true\">https:\/\/www.enfant-different.org\/<\/a><\/p>\n<p><strong>Logiciels de communication<br \/>\n<\/strong><\/p>\n<p><a href=\"http:\/\/www.tippy-talk.com\/\"><img loading=\"lazy\" class=\"alignnone wp-image-124\" src=\"http:\/\/www.lolacie.fr\/wordpress\/wp-content\/uploads\/2016\/11\/Tippy-Talk-Logo.png\" alt=\"Tippy-Talk-Logo\" width=\"110\" height=\"32\" \/><\/a>\u00a0 A destination des enfants autistes<\/p>\n<p><a href=\"http:\/\/vocalyx.com\/\"><img loading=\"lazy\" class=\"alignnone wp-image-125\" src=\"http:\/\/www.lolacie.fr\/wordpress\/wp-content\/uploads\/2016\/11\/logo_vocalyx-300x261.png\" alt=\"logo_vocalyx\" width=\"94\" height=\"82\" \/><\/a><\/p>\n<hr \/>\n<p><img loading=\"lazy\" class=\"alignnone size-full wp-image-126\" src=\"http:\/\/www.lolacie.fr\/wordpress\/wp-content\/uploads\/2016\/11\/logo-auticiel-amikeo.png\" alt=\"logo auticiel amikeo\" width=\"201\" height=\"42\" \/> <a href=\"https:\/\/auticiel.com\/amikeo\/\"><img loading=\"lazy\" class=\"alignnone wp-image-128\" src=\"http:\/\/www.lolacie.fr\/wordpress\/wp-content\/uploads\/2016\/11\/amikeo-logo-300x92.png\" alt=\"amikeo-logo\" width=\"153\" height=\"47\" \/><\/a><\/p>\n<hr \/>\n<p><a href=\"http:\/\/aides.electroniques.proteor.fr\/\"><img loading=\"lazy\" class=\"alignnone wp-image-133\" src=\"http:\/\/www.lolacie.fr\/wordpress\/wp-content\/uploads\/2016\/11\/Proteor.png\" alt=\"Proteor\" width=\"162\" height=\"59\" \/><\/a><\/p>\n<p><img loading=\"lazy\" class=\"alignnone wp-image-132\" src=\"http:\/\/www.lolacie.fr\/wordpress\/wp-content\/uploads\/2016\/11\/Proteor-tobii-300x169.jpg\" alt=\"Proteor tobii\" width=\"145\" height=\"82\" \/>\u00a0 \u00a0 \u00a0 \u00a0 \u00a0 \u00a0 \u00a0 <img loading=\"lazy\" class=\"alignnone wp-image-134\" src=\"http:\/\/www.lolacie.fr\/wordpress\/wp-content\/uploads\/2016\/11\/The-grid-2-300x211.jpg\" alt=\"The grid 2\" width=\"106\" height=\"75\" \/> \u00a0 \u00a0 \u00a0 \u00a0\u00a0 <strong><img loading=\"lazy\" class=\"alignnone wp-image-137\" src=\"http:\/\/www.lolacie.fr\/wordpress\/wp-content\/uploads\/2016\/11\/mind_express.jpg\" alt=\"mind_express\" width=\"94\" height=\"72\" \/><\/strong><\/p>\n<p><strong>Tobii Communicator \u00a0 \u00a0 \u00a0 \u00a0 \u00a0 \u00a0 \u00a0\u00a0 The Grid\u00a0\u00a0 \u00a0 \u00a0 \u00a0 \u00a0 \u00a0 \u00a0 \u00a0 \u00a0 \u00a0 \u00a0 Mind-Express<br \/>\n<\/strong><\/p>\n<hr \/>\n<p><a href=\"http:\/\/www.adysco.com\"><img loading=\"lazy\" class=\"alignnone wp-image-136\" src=\"http:\/\/www.lolacie.fr\/wordpress\/wp-content\/uploads\/2016\/11\/logo_adisco.jpg\" alt=\"logo_adisco\" width=\"80\" height=\"80\" \/><\/a><\/p>\n<p><img loading=\"lazy\" class=\"alignnone wp-image-132\" src=\"http:\/\/www.lolacie.fr\/wordpress\/wp-content\/uploads\/2016\/11\/Proteor-tobii-300x169.jpg\" alt=\"Proteor tobii\" width=\"145\" height=\"82\" \/>\u00a0 \u00a0 \u00a0 \u00a0 \u00a0 \u00a0 \u00a0 <img loading=\"lazy\" class=\"alignnone wp-image-134\" src=\"http:\/\/www.lolacie.fr\/wordpress\/wp-content\/uploads\/2016\/11\/The-grid-2-300x211.jpg\" alt=\"The grid 2\" width=\"106\" height=\"75\" \/> \u00a0 \u00a0 \u00a0 \u00a0\u00a0 <strong><img loading=\"lazy\" class=\"alignnone wp-image-137\" src=\"http:\/\/www.lolacie.fr\/wordpress\/wp-content\/uploads\/2016\/11\/mind_express.jpg\" alt=\"mind_express\" width=\"94\" height=\"72\" \/><\/strong><\/p>\n<p><strong>Tobii Communicator \u00a0 \u00a0 \u00a0 \u00a0 \u00a0 \u00a0 \u00a0\u00a0 The Grid\u00a0\u00a0 \u00a0 \u00a0 \u00a0 \u00a0 \u00a0 \u00a0 \u00a0 \u00a0 \u00a0 \u00a0 Mind-Express<\/strong><\/p>\n<p><strong>\u00a0<\/strong><\/p>\n<hr \/>\n<p><a href=\"http:\/\/www.assistiveware.com\/fr\/produit\/proloquo2go\"><img loading=\"lazy\" class=\"alignnone wp-image-130\" src=\"http:\/\/www.lolacie.fr\/wordpress\/wp-content\/uploads\/2016\/11\/logo-assistiveWare.png\" alt=\"logo assistiveWare\" width=\"155\" height=\"41\" \/><\/a>\u00a0 <strong>proloquo2go<\/strong><\/p>\n<hr \/>\n<p><a href=\"http:\/\/www.inshea.fr\/fr\/content\/pictop-2\"><img loading=\"lazy\" class=\"alignnone wp-image-131\" src=\"http:\/\/www.lolacie.fr\/wordpress\/wp-content\/uploads\/2016\/11\/Lo2_z-222x300.jpg\" alt=\"Lo2_z\" width=\"105\" height=\"142\" \/><\/a> <strong>Pictotop<\/strong><\/p>\n<\/div>\n","protected":false},"excerpt":{"rendered":"<p>Les Associations nationales en lien avec nous : Association amie sur la paralysie c\u00e9r\u00e9brale :\u00a0 http:\/\/www.envoludia.org\/ Pour tout savoir sur la paralysie c\u00e9r\u00e9brale : http:\/\/www.lafondationparalysiecerebrale.org Les Associations en lien avec nous du d\u00e9partement Association Faire r\u00eaver les enfants malades : <a class=\"more-link\" href=\"http:\/\/www.lolacie.fr\/wordpress\/index.php\/liens-utiles\/\">Lire plus &#8230;<\/a><\/p>\n","protected":false},"author":1,"featured_media":0,"parent":0,"menu_order":4,"comment_status":"closed","ping_status":"closed","template":"","meta":[],"_links":{"self":[{"href":"http:\/\/www.lolacie.fr\/wordpress\/index.php\/wp-json\/wp\/v2\/pages\/30"}],"collection":[{"href":"http:\/\/www.lolacie.fr\/wordpress\/index.php\/wp-json\/wp\/v2\/pages"}],"about":[{"href":"http:\/\/www.lolacie.fr\/wordpress\/index.php\/wp-json\/wp\/v2\/types\/page"}],"author":[{"embeddable":true,"href":"http:\/\/www.lolacie.fr\/wordpress\/index.php\/wp-json\/wp\/v2\/users\/1"}],"replies":[{"embeddable":true,"href":"http:\/\/www.lolacie.fr\/wordpress\/index.php\/wp-json\/wp\/v2\/comments?post=30"}],"version-history":[{"count":3,"href":"http:\/\/www.lolacie.fr\/wordpress\/index.php\/wp-json\/wp\/v2\/pages\/30\/revisions"}],"predecessor-version":[{"id":1094,"href":"http:\/\/www.lolacie.fr\/wordpress\/index.php\/wp-json\/wp\/v2\/pages\/30\/revisions\/1094"}],"wp:attachment":[{"href":"http:\/\/www.lolacie.fr\/wordpress\/index.php\/wp-json\/wp\/v2\/media?parent=30"}],"curies":[{"name":"wp","href":"https:\/\/api.w.org\/{rel}","templated":true}]}}